{"id":10177,"date":"2004-12-07T11:35:00","date_gmt":"2004-12-07T10:35:00","guid":{"rendered":"https:\/\/elforndefreixenet.com\/nosotros-2\/"},"modified":"2026-03-12T18:02:01","modified_gmt":"2026-03-12T17:02:01","slug":"quienes-somos","status":"publish","type":"page","link":"https:\/\/elforndefreixenet.com\/es\/quienes-somos\/","title":{"rendered":"QUIENES SOMOS"},"content":{"rendered":"\t\t<div data-elementor-type=\"wp-page\" data-elementor-id=\"10177\" class=\"elementor elementor-10177 elementor-3921\" data-elementor-post-type=\"page\">\n\t\t\t\t\t\t<section class=\"elementor-section elementor-top-section elementor-element elementor-element-295c08c elementor-section-stretched elementor-section-boxed elementor-section-height-default elementor-section-height-default\" data-id=\"295c08c\" data-element_type=\"section\" data-e-type=\"section\" data-settings=\"{&quot;stretch_section&quot;:&quot;section-stretched&quot;}\">\n\t\t\t\t\t\t<div class=\"elementor-container elementor-column-gap-default\">\n\t\t\t\t\t<div class=\"elementor-column elementor-col-100 elementor-top-column elementor-element elementor-element-d173b20\" data-id=\"d173b20\" data-element_type=\"column\" data-e-type=\"column\">\n\t\t\t<div class=\"elementor-widget-wrap elementor-element-populated\">\n\t\t\t\t\t\t<div class=\"elementor-element elementor-element-79e3dff elementor-widget elementor-widget-heading\" data-id=\"79e3dff\" data-element_type=\"widget\" data-e-type=\"widget\" data-widget_type=\"heading.default\">\n\t\t\t\t<div class=\"elementor-widget-container\">\n\t\t\t\t\t<h1 class=\"elementor-heading-title elementor-size-default\">QUIENES SOMOS<\/h1>\t\t\t\t<\/div>\n\t\t\t\t<\/div>\n\t\t\t\t\t<\/div>\n\t\t<\/div>\n\t\t\t\t\t<\/div>\n\t\t<\/section>\n\t\t\t\t<section class=\"elementor-section elementor-top-section elementor-element elementor-element-78b4775 elementor-section-stretched elementor-section-boxed elementor-section-height-default elementor-section-height-default\" data-id=\"78b4775\" data-element_type=\"section\" data-e-type=\"section\" data-settings=\"{&quot;background_background&quot;:&quot;classic&quot;,&quot;stretch_section&quot;:&quot;section-stretched&quot;}\">\n\t\t\t\t\t\t<div class=\"elementor-container elementor-column-gap-default\">\n\t\t\t\t\t<div class=\"elementor-column elementor-col-66 elementor-top-column elementor-element elementor-element-e19b467\" data-id=\"e19b467\" data-element_type=\"column\" data-e-type=\"column\">\n\t\t\t<div class=\"elementor-widget-wrap elementor-element-populated\">\n\t\t\t\t\t\t<div class=\"elementor-element elementor-element-295825a elementor-widget elementor-widget-heading\" data-id=\"295825a\" data-element_type=\"widget\" data-e-type=\"widget\" data-widget_type=\"heading.default\">\n\t\t\t\t<div class=\"elementor-widget-container\">\n\t\t\t\t\t<h2 class=\"elementor-heading-title elementor-size-default\">Un lugar de descanso ideal si buscas tranquilidad en un entorno rural<\/h2>\t\t\t\t<\/div>\n\t\t\t\t<\/div>\n\t\t\t\t<div class=\"elementor-element elementor-element-0a74c70 elementor-widget__width-inherit elementor-widget elementor-widget-text-editor\" data-id=\"0a74c70\" data-element_type=\"widget\" data-e-type=\"widget\" data-widget_type=\"text-editor.default\">\n\t\t\t\t<div class=\"elementor-widget-container\">\n\t\t\t\t\t\t\t\t\t<p data-start=\"217\" data-end=\"407\">Soy Margarita Herrera. Gracias al apoyo de mi familia, hoy puedo seguir dando vida a El Forn de Freixenet y hacer realidad un sue\u00f1o que he ido construyendo con mucha ilusi\u00f3n.<\/p><p data-start=\"409\" data-end=\"718\"><strong>Despu\u00e9s de cinco a\u00f1os de experiencia como hotel rural, El Forn de Freixenet inicia una nueva etapa y pasa a ser una casa rural completa<\/strong> . Un cambio pensado para ofrecer mayor libertad, privacidad y comodidad a nuestros hu\u00e9spedes, para que puedan disfrutar de la estancia a su ritmo y sentir la casa como propia.<\/p><p data-start=\"720\" data-end=\"1012\">La casa rural del Forn de Freixenet est\u00e1 ubicada en un entorno natural privilegiado, rodeada de rutas, paisaje e historia medieval. Se encuentra en la comarca de la Segarra, en la provincia de Lleida, concretamente en Freixenet de Segarra, una entidad de poblaci\u00f3n que pertenece a Sant Guim de Freixenet.<\/p><p data-start=\"1014\" data-end=\"1317\">La casa se alquila en su totalidad, ofreciendo todos los espacios con todas las comodidades necesarias para una estancia confortable, tranquila y acogedora. El mismo cuidado por los detalles, la misma esencia y el mismo ambiente familiar de siempre, pero con la ventaja de vivirla sin prisas.<\/p><p data-start=\"1319\" data-end=\"1472\">En El Forn de Freixenet trabajamos para que nuestros hu\u00e9spedes se sientan como en casa y puedan disfrutar de una estancia agradable, relajada y llena de buenos momentos.<\/p><p data-start=\"1474\" data-end=\"1563\">Agradecemos mucho su confianza y esperamos veros pronto en nuestra casa.<\/p><p data-start=\"1474\" data-end=\"1563\">\u00a0<\/p>\t\t\t\t\t\t\t\t<\/div>\n\t\t\t\t<\/div>\n\t\t\t\t\t<\/div>\n\t\t<\/div>\n\t\t\t\t<div class=\"elementor-column elementor-col-33 elementor-top-column elementor-element elementor-element-789d10b\" data-id=\"789d10b\" data-element_type=\"column\" data-e-type=\"column\">\n\t\t\t<div class=\"elementor-widget-wrap elementor-element-populated\">\n\t\t\t\t\t\t<div class=\"elementor-element elementor-element-485adcf elementor-widget__width-auto elementor-widget elementor-widget-image\" data-id=\"485adcf\" data-element_type=\"widget\" data-e-type=\"widget\" data-widget_type=\"image.default\">\n\t\t\t\t<div class=\"elementor-widget-container\">\n\t\t\t\t\t\t\t\t\t\t\t\t\t\t\t<img decoding=\"async\" src=\"https:\/\/elforndefreixenet.com\/wp-content\/uploads\/2026\/02\/margarita_porta_el_forn.jpg\" title=\"margarita_porta_el_forn\" alt=\"margarita_porta_el_forn\" loading=\"lazy\" \/>\t\t\t\t\t\t\t\t\t\t\t\t\t\t\t<\/div>\n\t\t\t\t<\/div>\n\t\t\t\t\t<\/div>\n\t\t<\/div>\n\t\t\t\t\t<\/div>\n\t\t<\/section>\n\t\t\t\t<\/div>\n\t\t","protected":false},"excerpt":{"rendered":"<p>QUIENES SOMOS Un lugar de descanso ideal si buscas tranquilidad en un entorno rural Soy Margarita Herrera. Gracias al apoyo de mi familia, hoy puedo seguir dando vida a El Forn de Freixenet y hacer realidad un sue\u00f1o que he ido construyendo con mucha ilusi\u00f3n. Despu\u00e9s de cinco a\u00f1os de experiencia como hotel rural, El [&hellip;]<\/p>\n","protected":false},"author":2,"featured_media":0,"parent":0,"menu_order":0,"comment_status":"closed","ping_status":"closed","template":"elementor_header_footer","meta":{"footnotes":""},"class_list":["post-10177","page","type-page","status-publish","hentry"],"yoast_head":"<!-- This site is optimized with the Yoast SEO plugin v27.4 - https:\/\/yoast.com\/product\/yoast-seo-wordpress\/ -->\n<title>Qui\u00e9nes somos en la casa rural de La Segarra | El Forn de Freixenet<\/title>\n<meta name=\"description\" content=\"Soy Margarita Herrera. Despu\u00e9s de cinco a\u00f1os como hotel rural, El Forn de Freixenet pasa a ser casa rural completa.\" \/>\n<meta name=\"robots\" content=\"index, follow, max-snippet:-1, max-image-preview:large, max-video-preview:-1\" \/>\n<link rel=\"canonical\" href=\"https:\/\/elforndefreixenet.com\/es\/quienes-somos\/\" \/>\n<meta property=\"og:locale\" content=\"es_ES\" \/>\n<meta property=\"og:type\" content=\"article\" \/>\n<meta property=\"og:title\" content=\"Qui\u00e9nes somos en la casa rural de La Segarra | El Forn de Freixenet\" \/>\n<meta property=\"og:description\" content=\"Soy Margarita Herrera. Despu\u00e9s de cinco a\u00f1os como hotel rural, El Forn de Freixenet pasa a ser casa rural completa.\" \/>\n<meta property=\"og:url\" content=\"https:\/\/elforndefreixenet.com\/es\/quienes-somos\/\" \/>\n<meta property=\"og:site_name\" content=\"El Forn de Freixenet\" \/>\n<meta property=\"article:modified_time\" content=\"2026-03-12T17:02:01+00:00\" \/>\n<meta property=\"og:image\" content=\"https:\/\/elforndefreixenet.com\/wp-content\/uploads\/2026\/02\/margarita_porta_el_forn.jpg\" \/>\n<meta name=\"twitter:card\" content=\"summary_large_image\" \/>\n<meta name=\"twitter:label1\" content=\"Est. reading time\" \/>\n\t<meta name=\"twitter:data1\" content=\"2 minutes\" \/>\n<script type=\"application\/ld+json\" class=\"yoast-schema-graph\">{\"@context\":\"https:\\\/\\\/schema.org\",\"@graph\":[{\"@type\":\"WebPage\",\"@id\":\"https:\\\/\\\/elforndefreixenet.com\\\/es\\\/quienes-somos\\\/\",\"url\":\"https:\\\/\\\/elforndefreixenet.com\\\/es\\\/quienes-somos\\\/\",\"name\":\"Qui\u00e9nes somos en la casa rural de La Segarra | El Forn de Freixenet\",\"isPartOf\":{\"@id\":\"https:\\\/\\\/elforndefreixenet.com\\\/es\\\/#website\"},\"primaryImageOfPage\":{\"@id\":\"https:\\\/\\\/elforndefreixenet.com\\\/es\\\/quienes-somos\\\/#primaryimage\"},\"image\":{\"@id\":\"https:\\\/\\\/elforndefreixenet.com\\\/es\\\/quienes-somos\\\/#primaryimage\"},\"thumbnailUrl\":\"https:\\\/\\\/elforndefreixenet.com\\\/wp-content\\\/uploads\\\/2026\\\/02\\\/margarita_porta_el_forn.jpg\",\"datePublished\":\"2004-12-07T10:35:00+00:00\",\"dateModified\":\"2026-03-12T17:02:01+00:00\",\"description\":\"Soy Margarita Herrera. Despu\u00e9s de cinco a\u00f1os como hotel rural, El Forn de Freixenet pasa a ser casa rural completa.\",\"breadcrumb\":{\"@id\":\"https:\\\/\\\/elforndefreixenet.com\\\/es\\\/quienes-somos\\\/#breadcrumb\"},\"inLanguage\":\"es\",\"potentialAction\":[{\"@type\":\"ReadAction\",\"target\":[\"https:\\\/\\\/elforndefreixenet.com\\\/es\\\/quienes-somos\\\/\"]}]},{\"@type\":\"ImageObject\",\"inLanguage\":\"es\",\"@id\":\"https:\\\/\\\/elforndefreixenet.com\\\/es\\\/quienes-somos\\\/#primaryimage\",\"url\":\"https:\\\/\\\/elforndefreixenet.com\\\/wp-content\\\/uploads\\\/2026\\\/02\\\/margarita_porta_el_forn.jpg\",\"contentUrl\":\"https:\\\/\\\/elforndefreixenet.com\\\/wp-content\\\/uploads\\\/2026\\\/02\\\/margarita_porta_el_forn.jpg\"},{\"@type\":\"BreadcrumbList\",\"@id\":\"https:\\\/\\\/elforndefreixenet.com\\\/es\\\/quienes-somos\\\/#breadcrumb\",\"itemListElement\":[{\"@type\":\"ListItem\",\"position\":1,\"name\":\"Portada\",\"item\":\"https:\\\/\\\/elforndefreixenet.com\\\/es\\\/\"},{\"@type\":\"ListItem\",\"position\":2,\"name\":\"QUIENES SOMOS\"}]},{\"@type\":\"WebSite\",\"@id\":\"https:\\\/\\\/elforndefreixenet.com\\\/es\\\/#website\",\"url\":\"https:\\\/\\\/elforndefreixenet.com\\\/es\\\/\",\"name\":\"El Forn de Freixenet\",\"description\":\"Hotel rural con encanto en la Segarra (L\u00e9rida)\",\"publisher\":{\"@id\":\"https:\\\/\\\/elforndefreixenet.com\\\/es\\\/#organization\"},\"potentialAction\":[{\"@type\":\"SearchAction\",\"target\":{\"@type\":\"EntryPoint\",\"urlTemplate\":\"https:\\\/\\\/elforndefreixenet.com\\\/es\\\/?s={search_term_string}\"},\"query-input\":{\"@type\":\"PropertyValueSpecification\",\"valueRequired\":true,\"valueName\":\"search_term_string\"}}],\"inLanguage\":\"es\"},{\"@type\":\"Organization\",\"@id\":\"https:\\\/\\\/elforndefreixenet.com\\\/es\\\/#organization\",\"name\":\"Hotel rural El Forn de Freixenet\",\"url\":\"https:\\\/\\\/elforndefreixenet.com\\\/es\\\/\",\"logo\":{\"@type\":\"ImageObject\",\"inLanguage\":\"es\",\"@id\":\"https:\\\/\\\/elforndefreixenet.com\\\/es\\\/#\\\/schema\\\/logo\\\/image\\\/\",\"url\":\"https:\\\/\\\/elforndefreixenet.com\\\/wp-content\\\/uploads\\\/2022\\\/03\\\/logo-forn-de-freixenet-azul.svg\",\"contentUrl\":\"https:\\\/\\\/elforndefreixenet.com\\\/wp-content\\\/uploads\\\/2022\\\/03\\\/logo-forn-de-freixenet-azul.svg\",\"width\":100,\"height\":100,\"caption\":\"Hotel rural El Forn de Freixenet\"},\"image\":{\"@id\":\"https:\\\/\\\/elforndefreixenet.com\\\/es\\\/#\\\/schema\\\/logo\\\/image\\\/\"}}]}<\/script>\n<!-- \/ Yoast SEO plugin. -->","yoast_head_json":{"title":"Qui\u00e9nes somos en la casa rural de La Segarra | El Forn de Freixenet","description":"Soy Margarita Herrera. Despu\u00e9s de cinco a\u00f1os como hotel rural, El Forn de Freixenet pasa a ser casa rural completa.","robots":{"index":"index","follow":"follow","max-snippet":"max-snippet:-1","max-image-preview":"max-image-preview:large","max-video-preview":"max-video-preview:-1"},"canonical":"https:\/\/elforndefreixenet.com\/es\/quienes-somos\/","og_locale":"es_ES","og_type":"article","og_title":"Qui\u00e9nes somos en la casa rural de La Segarra | El Forn de Freixenet","og_description":"Soy Margarita Herrera. Despu\u00e9s de cinco a\u00f1os como hotel rural, El Forn de Freixenet pasa a ser casa rural completa.","og_url":"https:\/\/elforndefreixenet.com\/es\/quienes-somos\/","og_site_name":"El Forn de Freixenet","article_modified_time":"2026-03-12T17:02:01+00:00","og_image":[{"url":"https:\/\/elforndefreixenet.com\/wp-content\/uploads\/2026\/02\/margarita_porta_el_forn.jpg","type":"","width":"","height":""}],"twitter_card":"summary_large_image","twitter_misc":{"Est. reading time":"2 minutes"},"schema":{"@context":"https:\/\/schema.org","@graph":[{"@type":"WebPage","@id":"https:\/\/elforndefreixenet.com\/es\/quienes-somos\/","url":"https:\/\/elforndefreixenet.com\/es\/quienes-somos\/","name":"Qui\u00e9nes somos en la casa rural de La Segarra | El Forn de Freixenet","isPartOf":{"@id":"https:\/\/elforndefreixenet.com\/es\/#website"},"primaryImageOfPage":{"@id":"https:\/\/elforndefreixenet.com\/es\/quienes-somos\/#primaryimage"},"image":{"@id":"https:\/\/elforndefreixenet.com\/es\/quienes-somos\/#primaryimage"},"thumbnailUrl":"https:\/\/elforndefreixenet.com\/wp-content\/uploads\/2026\/02\/margarita_porta_el_forn.jpg","datePublished":"2004-12-07T10:35:00+00:00","dateModified":"2026-03-12T17:02:01+00:00","description":"Soy Margarita Herrera. Despu\u00e9s de cinco a\u00f1os como hotel rural, El Forn de Freixenet pasa a ser casa rural completa.","breadcrumb":{"@id":"https:\/\/elforndefreixenet.com\/es\/quienes-somos\/#breadcrumb"},"inLanguage":"es","potentialAction":[{"@type":"ReadAction","target":["https:\/\/elforndefreixenet.com\/es\/quienes-somos\/"]}]},{"@type":"ImageObject","inLanguage":"es","@id":"https:\/\/elforndefreixenet.com\/es\/quienes-somos\/#primaryimage","url":"https:\/\/elforndefreixenet.com\/wp-content\/uploads\/2026\/02\/margarita_porta_el_forn.jpg","contentUrl":"https:\/\/elforndefreixenet.com\/wp-content\/uploads\/2026\/02\/margarita_porta_el_forn.jpg"},{"@type":"BreadcrumbList","@id":"https:\/\/elforndefreixenet.com\/es\/quienes-somos\/#breadcrumb","itemListElement":[{"@type":"ListItem","position":1,"name":"Portada","item":"https:\/\/elforndefreixenet.com\/es\/"},{"@type":"ListItem","position":2,"name":"QUIENES SOMOS"}]},{"@type":"WebSite","@id":"https:\/\/elforndefreixenet.com\/es\/#website","url":"https:\/\/elforndefreixenet.com\/es\/","name":"El Forn de Freixenet","description":"Hotel rural con encanto en la Segarra (L\u00e9rida)","publisher":{"@id":"https:\/\/elforndefreixenet.com\/es\/#organization"},"potentialAction":[{"@type":"SearchAction","target":{"@type":"EntryPoint","urlTemplate":"https:\/\/elforndefreixenet.com\/es\/?s={search_term_string}"},"query-input":{"@type":"PropertyValueSpecification","valueRequired":true,"valueName":"search_term_string"}}],"inLanguage":"es"},{"@type":"Organization","@id":"https:\/\/elforndefreixenet.com\/es\/#organization","name":"Hotel rural El Forn de Freixenet","url":"https:\/\/elforndefreixenet.com\/es\/","logo":{"@type":"ImageObject","inLanguage":"es","@id":"https:\/\/elforndefreixenet.com\/es\/#\/schema\/logo\/image\/","url":"https:\/\/elforndefreixenet.com\/wp-content\/uploads\/2022\/03\/logo-forn-de-freixenet-azul.svg","contentUrl":"https:\/\/elforndefreixenet.com\/wp-content\/uploads\/2022\/03\/logo-forn-de-freixenet-azul.svg","width":100,"height":100,"caption":"Hotel rural El Forn de Freixenet"},"image":{"@id":"https:\/\/elforndefreixenet.com\/es\/#\/schema\/logo\/image\/"}}]}},"_links":{"self":[{"href":"https:\/\/elforndefreixenet.com\/es\/wp-json\/wp\/v2\/pages\/10177","targetHints":{"allow":["GET"]}}],"collection":[{"href":"https:\/\/elforndefreixenet.com\/es\/wp-json\/wp\/v2\/pages"}],"about":[{"href":"https:\/\/elforndefreixenet.com\/es\/wp-json\/wp\/v2\/types\/page"}],"author":[{"embeddable":true,"href":"https:\/\/elforndefreixenet.com\/es\/wp-json\/wp\/v2\/users\/2"}],"replies":[{"embeddable":true,"href":"https:\/\/elforndefreixenet.com\/es\/wp-json\/wp\/v2\/comments?post=10177"}],"version-history":[{"count":35,"href":"https:\/\/elforndefreixenet.com\/es\/wp-json\/wp\/v2\/pages\/10177\/revisions"}],"predecessor-version":[{"id":14036,"href":"https:\/\/elforndefreixenet.com\/es\/wp-json\/wp\/v2\/pages\/10177\/revisions\/14036"}],"wp:attachment":[{"href":"https:\/\/elforndefreixenet.com\/es\/wp-json\/wp\/v2\/media?parent=10177"}],"curies":[{"name":"wp","href":"https:\/\/api.w.org\/{rel}","templated":true}]}}