{"id":10202,"date":"2026-01-04T13:43:00","date_gmt":"2026-01-04T12:43:00","guid":{"rendered":"https:\/\/elforndefreixenet.com\/deben-saber-2\/"},"modified":"2026-03-12T19:07:11","modified_gmt":"2026-03-12T18:07:11","slug":"deben-saber","status":"publish","type":"page","link":"https:\/\/elforndefreixenet.com\/es\/deben-saber\/","title":{"rendered":"NORMAS DE USO"},"content":{"rendered":"\t\t<div data-elementor-type=\"wp-page\" data-elementor-id=\"10202\" class=\"elementor elementor-10202 elementor-5589\" data-elementor-post-type=\"page\">\n\t\t\t\t\t\t<section class=\"elementor-section elementor-top-section elementor-element elementor-element-27f2f09 elementor-section-boxed elementor-section-height-default elementor-section-height-default\" data-id=\"27f2f09\" data-element_type=\"section\" data-e-type=\"section\">\n\t\t\t\t\t\t<div class=\"elementor-container elementor-column-gap-default\">\n\t\t\t\t\t<div class=\"elementor-column elementor-col-100 elementor-top-column elementor-element elementor-element-34bf061\" data-id=\"34bf061\" data-element_type=\"column\" data-e-type=\"column\">\n\t\t\t<div class=\"elementor-widget-wrap elementor-element-populated\">\n\t\t\t\t\t\t<div class=\"elementor-element elementor-element-def9aaf elementor-widget elementor-widget-heading\" data-id=\"def9aaf\" data-element_type=\"widget\" data-e-type=\"widget\" data-widget_type=\"heading.default\">\n\t\t\t\t<div class=\"elementor-widget-container\">\n\t\t\t\t\t<h1 class=\"elementor-heading-title elementor-size-default\">NORMAS DE USO DE LA CASA RURAL EN LLEIDA<\/h1>\t\t\t\t<\/div>\n\t\t\t\t<\/div>\n\t\t\t\t<div class=\"elementor-element elementor-element-8b29891 elementor-widget elementor-widget-heading\" data-id=\"8b29891\" data-element_type=\"widget\" data-e-type=\"widget\" data-widget_type=\"heading.default\">\n\t\t\t\t<div class=\"elementor-widget-container\">\n\t\t\t\t\t<h2 class=\"elementor-heading-title elementor-size-default\">La normativa de nuestra casa rural en La Segarra es la siguiente:<\/h2>\t\t\t\t<\/div>\n\t\t\t\t<\/div>\n\t\t\t\t\t<\/div>\n\t\t<\/div>\n\t\t\t\t\t<\/div>\n\t\t<\/section>\n\t\t\t\t<section class=\"elementor-section elementor-top-section elementor-element elementor-element-fef8081 elementor-section-stretched elementor-section-boxed elementor-section-height-default elementor-section-height-default\" data-id=\"fef8081\" data-element_type=\"section\" data-e-type=\"section\" data-settings=\"{&quot;stretch_section&quot;:&quot;section-stretched&quot;}\">\n\t\t\t\t\t\t<div class=\"elementor-container elementor-column-gap-default\">\n\t\t\t\t\t<div class=\"elementor-column elementor-col-100 elementor-top-column elementor-element elementor-element-6f24755\" data-id=\"6f24755\" data-element_type=\"column\" data-e-type=\"column\">\n\t\t\t<div class=\"elementor-widget-wrap elementor-element-populated\">\n\t\t\t\t\t\t<div class=\"elementor-element elementor-element-cc9406a elementor-widget elementor-widget-text-editor\" data-id=\"cc9406a\" data-element_type=\"widget\" data-e-type=\"widget\" data-widget_type=\"text-editor.default\">\n\t\t\t\t<div class=\"elementor-widget-container\">\n\t\t\t\t\t\t\t\t\t<ul style=\"font-weight: 400;\"><li><span style=\"font-size: 12pt;\">La hora de entrada a la casa es a partir de las 14h.<\/span><\/li><li><span style=\"font-size: 12pt;\">La hora de salida es a las 12h.<\/span><\/li><li><span style=\"font-size: 12pt;\">S\u00f3lo se aceptan hu\u00e9spedes mayores de edad.<\/span><\/li><li><span style=\"font-size: 12pt;\">No se admiten animales de compa\u00f1\u00eda, por no disponer de espacios apropiados (en caso de querer llevar, hay que consultarlo).<\/span><\/li><li><span style=\"font-size: 12pt;\">No se admiten grupos para fiestas (ni despedidas de soltero, ni cumplea\u00f1os, ni fines de a\u00f1o\u2026) es una casa familiar.<\/span><\/li><li><span style=\"font-size: 12pt;\">Las zonas comunes estar\u00e1n exentas de humos, con excepci\u00f3n de las zonas descubiertas.<\/span><\/li><li><span style=\"font-size: 12pt;\">No se ofrecen comidas, desayunos, comidas ni cenas.<\/span><\/li><li><span style=\"font-size: 12pt;\">Los precios est\u00e1n diferenciados por temporada alta y baja.<\/span><\/li><\/ul>\t\t\t\t\t\t\t\t<\/div>\n\t\t\t\t<\/div>\n\t\t\t\t\t<\/div>\n\t\t<\/div>\n\t\t\t\t\t<\/div>\n\t\t<\/section>\n\t\t\t\t<section class=\"elementor-section elementor-top-section elementor-element elementor-element-70af845 elementor-section-height-full elementor-section-boxed elementor-section-height-default elementor-section-items-middle\" data-id=\"70af845\" data-element_type=\"section\" data-e-type=\"section\">\n\t\t\t\t\t\t<div class=\"elementor-container elementor-column-gap-default\">\n\t\t\t\t\t<div class=\"elementor-column elementor-col-100 elementor-top-column elementor-element elementor-element-aa1e585\" data-id=\"aa1e585\" data-element_type=\"column\" data-e-type=\"column\">\n\t\t\t<div class=\"elementor-widget-wrap elementor-element-populated\">\n\t\t\t\t\t\t<div class=\"elementor-element elementor-element-92bbb3c elementor-widget elementor-widget-spacer\" data-id=\"92bbb3c\" data-element_type=\"widget\" data-e-type=\"widget\" data-widget_type=\"spacer.default\">\n\t\t\t\t<div class=\"elementor-widget-container\">\n\t\t\t\t\t\t\t<div class=\"elementor-spacer\">\n\t\t\t<div class=\"elementor-spacer-inner\"><\/div>\n\t\t<\/div>\n\t\t\t\t\t\t<\/div>\n\t\t\t\t<\/div>\n\t\t\t\t\t<\/div>\n\t\t<\/div>\n\t\t\t\t\t<\/div>\n\t\t<\/section>\n\t\t\t\t<\/div>\n\t\t","protected":false},"excerpt":{"rendered":"<p>NORMAS DE USO DE LA CASA RURAL EN LLEIDA La normativa de nuestra casa rural en La Segarra es la siguiente: La hora de entrada a la casa es a partir de las 14h. La hora de salida es a las 12h. S\u00f3lo se aceptan hu\u00e9spedes mayores de edad. No se admiten animales de compa\u00f1\u00eda, [&hellip;]<\/p>\n","protected":false},"author":2,"featured_media":0,"parent":0,"menu_order":0,"comment_status":"closed","ping_status":"closed","template":"","meta":{"footnotes":""},"class_list":["post-10202","page","type-page","status-publish","hentry"],"yoast_head":"<!-- This site is optimized with the Yoast SEO plugin v27.4 - https:\/\/yoast.com\/product\/yoast-seo-wordpress\/ -->\n<title>Normas de uso de la casa | El Forn de Freixenet<\/title>\n<meta name=\"description\" content=\"La entrada a la habitaci\u00f3n es a partir de las 14h | La salida de la habitaci\u00f3n es a las 12h | S\u00f3lo se aceptan hu\u00e9spedes mayores de edad.\" \/>\n<meta name=\"robots\" content=\"index, follow, max-snippet:-1, max-image-preview:large, max-video-preview:-1\" \/>\n<link rel=\"canonical\" href=\"https:\/\/elforndefreixenet.com\/es\/deben-saber\/\" \/>\n<meta property=\"og:locale\" content=\"es_ES\" \/>\n<meta property=\"og:type\" content=\"article\" \/>\n<meta property=\"og:title\" content=\"Normas de uso de la casa | El Forn de Freixenet\" \/>\n<meta property=\"og:description\" content=\"La entrada a la habitaci\u00f3n es a partir de las 14h | La salida de la habitaci\u00f3n es a las 12h | S\u00f3lo se aceptan hu\u00e9spedes mayores de edad.\" \/>\n<meta property=\"og:url\" content=\"https:\/\/elforndefreixenet.com\/es\/deben-saber\/\" \/>\n<meta property=\"og:site_name\" content=\"El Forn de Freixenet\" \/>\n<meta property=\"article:modified_time\" content=\"2026-03-12T18:07:11+00:00\" \/>\n<meta name=\"twitter:card\" content=\"summary_large_image\" \/>\n<meta name=\"twitter:label1\" content=\"Est. reading time\" \/>\n\t<meta name=\"twitter:data1\" content=\"2 minutes\" \/>\n<script type=\"application\/ld+json\" class=\"yoast-schema-graph\">{\"@context\":\"https:\\\/\\\/schema.org\",\"@graph\":[{\"@type\":\"WebPage\",\"@id\":\"https:\\\/\\\/elforndefreixenet.com\\\/es\\\/deben-saber\\\/\",\"url\":\"https:\\\/\\\/elforndefreixenet.com\\\/es\\\/deben-saber\\\/\",\"name\":\"Normas de uso de la casa | El Forn de Freixenet\",\"isPartOf\":{\"@id\":\"https:\\\/\\\/elforndefreixenet.com\\\/es\\\/#website\"},\"datePublished\":\"2026-01-04T12:43:00+00:00\",\"dateModified\":\"2026-03-12T18:07:11+00:00\",\"description\":\"La entrada a la habitaci\u00f3n es a partir de las 14h | La salida de la habitaci\u00f3n es a las 12h | S\u00f3lo se aceptan hu\u00e9spedes mayores de edad.\",\"breadcrumb\":{\"@id\":\"https:\\\/\\\/elforndefreixenet.com\\\/es\\\/deben-saber\\\/#breadcrumb\"},\"inLanguage\":\"es\",\"potentialAction\":[{\"@type\":\"ReadAction\",\"target\":[\"https:\\\/\\\/elforndefreixenet.com\\\/es\\\/deben-saber\\\/\"]}]},{\"@type\":\"BreadcrumbList\",\"@id\":\"https:\\\/\\\/elforndefreixenet.com\\\/es\\\/deben-saber\\\/#breadcrumb\",\"itemListElement\":[{\"@type\":\"ListItem\",\"position\":1,\"name\":\"Portada\",\"item\":\"https:\\\/\\\/elforndefreixenet.com\\\/es\\\/\"},{\"@type\":\"ListItem\",\"position\":2,\"name\":\"NORMAS DE USO\"}]},{\"@type\":\"WebSite\",\"@id\":\"https:\\\/\\\/elforndefreixenet.com\\\/es\\\/#website\",\"url\":\"https:\\\/\\\/elforndefreixenet.com\\\/es\\\/\",\"name\":\"El Forn de Freixenet\",\"description\":\"Hotel rural con encanto en la Segarra (L\u00e9rida)\",\"publisher\":{\"@id\":\"https:\\\/\\\/elforndefreixenet.com\\\/es\\\/#organization\"},\"potentialAction\":[{\"@type\":\"SearchAction\",\"target\":{\"@type\":\"EntryPoint\",\"urlTemplate\":\"https:\\\/\\\/elforndefreixenet.com\\\/es\\\/?s={search_term_string}\"},\"query-input\":{\"@type\":\"PropertyValueSpecification\",\"valueRequired\":true,\"valueName\":\"search_term_string\"}}],\"inLanguage\":\"es\"},{\"@type\":\"Organization\",\"@id\":\"https:\\\/\\\/elforndefreixenet.com\\\/es\\\/#organization\",\"name\":\"Hotel rural El Forn de Freixenet\",\"url\":\"https:\\\/\\\/elforndefreixenet.com\\\/es\\\/\",\"logo\":{\"@type\":\"ImageObject\",\"inLanguage\":\"es\",\"@id\":\"https:\\\/\\\/elforndefreixenet.com\\\/es\\\/#\\\/schema\\\/logo\\\/image\\\/\",\"url\":\"https:\\\/\\\/elforndefreixenet.com\\\/wp-content\\\/uploads\\\/2022\\\/03\\\/logo-forn-de-freixenet-azul.svg\",\"contentUrl\":\"https:\\\/\\\/elforndefreixenet.com\\\/wp-content\\\/uploads\\\/2022\\\/03\\\/logo-forn-de-freixenet-azul.svg\",\"width\":100,\"height\":100,\"caption\":\"Hotel rural El Forn de Freixenet\"},\"image\":{\"@id\":\"https:\\\/\\\/elforndefreixenet.com\\\/es\\\/#\\\/schema\\\/logo\\\/image\\\/\"}}]}<\/script>\n<!-- \/ Yoast SEO plugin. -->","yoast_head_json":{"title":"Normas de uso de la casa | El Forn de Freixenet","description":"La entrada a la habitaci\u00f3n es a partir de las 14h | La salida de la habitaci\u00f3n es a las 12h | S\u00f3lo se aceptan hu\u00e9spedes mayores de edad.","robots":{"index":"index","follow":"follow","max-snippet":"max-snippet:-1","max-image-preview":"max-image-preview:large","max-video-preview":"max-video-preview:-1"},"canonical":"https:\/\/elforndefreixenet.com\/es\/deben-saber\/","og_locale":"es_ES","og_type":"article","og_title":"Normas de uso de la casa | El Forn de Freixenet","og_description":"La entrada a la habitaci\u00f3n es a partir de las 14h | La salida de la habitaci\u00f3n es a las 12h | S\u00f3lo se aceptan hu\u00e9spedes mayores de edad.","og_url":"https:\/\/elforndefreixenet.com\/es\/deben-saber\/","og_site_name":"El Forn de Freixenet","article_modified_time":"2026-03-12T18:07:11+00:00","twitter_card":"summary_large_image","twitter_misc":{"Est. reading time":"2 minutes"},"schema":{"@context":"https:\/\/schema.org","@graph":[{"@type":"WebPage","@id":"https:\/\/elforndefreixenet.com\/es\/deben-saber\/","url":"https:\/\/elforndefreixenet.com\/es\/deben-saber\/","name":"Normas de uso de la casa | El Forn de Freixenet","isPartOf":{"@id":"https:\/\/elforndefreixenet.com\/es\/#website"},"datePublished":"2026-01-04T12:43:00+00:00","dateModified":"2026-03-12T18:07:11+00:00","description":"La entrada a la habitaci\u00f3n es a partir de las 14h | La salida de la habitaci\u00f3n es a las 12h | S\u00f3lo se aceptan hu\u00e9spedes mayores de edad.","breadcrumb":{"@id":"https:\/\/elforndefreixenet.com\/es\/deben-saber\/#breadcrumb"},"inLanguage":"es","potentialAction":[{"@type":"ReadAction","target":["https:\/\/elforndefreixenet.com\/es\/deben-saber\/"]}]},{"@type":"BreadcrumbList","@id":"https:\/\/elforndefreixenet.com\/es\/deben-saber\/#breadcrumb","itemListElement":[{"@type":"ListItem","position":1,"name":"Portada","item":"https:\/\/elforndefreixenet.com\/es\/"},{"@type":"ListItem","position":2,"name":"NORMAS DE USO"}]},{"@type":"WebSite","@id":"https:\/\/elforndefreixenet.com\/es\/#website","url":"https:\/\/elforndefreixenet.com\/es\/","name":"El Forn de Freixenet","description":"Hotel rural con encanto en la Segarra (L\u00e9rida)","publisher":{"@id":"https:\/\/elforndefreixenet.com\/es\/#organization"},"potentialAction":[{"@type":"SearchAction","target":{"@type":"EntryPoint","urlTemplate":"https:\/\/elforndefreixenet.com\/es\/?s={search_term_string}"},"query-input":{"@type":"PropertyValueSpecification","valueRequired":true,"valueName":"search_term_string"}}],"inLanguage":"es"},{"@type":"Organization","@id":"https:\/\/elforndefreixenet.com\/es\/#organization","name":"Hotel rural El Forn de Freixenet","url":"https:\/\/elforndefreixenet.com\/es\/","logo":{"@type":"ImageObject","inLanguage":"es","@id":"https:\/\/elforndefreixenet.com\/es\/#\/schema\/logo\/image\/","url":"https:\/\/elforndefreixenet.com\/wp-content\/uploads\/2022\/03\/logo-forn-de-freixenet-azul.svg","contentUrl":"https:\/\/elforndefreixenet.com\/wp-content\/uploads\/2022\/03\/logo-forn-de-freixenet-azul.svg","width":100,"height":100,"caption":"Hotel rural El Forn de Freixenet"},"image":{"@id":"https:\/\/elforndefreixenet.com\/es\/#\/schema\/logo\/image\/"}}]}},"_links":{"self":[{"href":"https:\/\/elforndefreixenet.com\/es\/wp-json\/wp\/v2\/pages\/10202","targetHints":{"allow":["GET"]}}],"collection":[{"href":"https:\/\/elforndefreixenet.com\/es\/wp-json\/wp\/v2\/pages"}],"about":[{"href":"https:\/\/elforndefreixenet.com\/es\/wp-json\/wp\/v2\/types\/page"}],"author":[{"embeddable":true,"href":"https:\/\/elforndefreixenet.com\/es\/wp-json\/wp\/v2\/users\/2"}],"replies":[{"embeddable":true,"href":"https:\/\/elforndefreixenet.com\/es\/wp-json\/wp\/v2\/comments?post=10202"}],"version-history":[{"count":50,"href":"https:\/\/elforndefreixenet.com\/es\/wp-json\/wp\/v2\/pages\/10202\/revisions"}],"predecessor-version":[{"id":14091,"href":"https:\/\/elforndefreixenet.com\/es\/wp-json\/wp\/v2\/pages\/10202\/revisions\/14091"}],"wp:attachment":[{"href":"https:\/\/elforndefreixenet.com\/es\/wp-json\/wp\/v2\/media?parent=10202"}],"curies":[{"name":"wp","href":"https:\/\/api.w.org\/{rel}","templated":true}]}}