{"id":10401,"date":"2025-12-05T11:17:00","date_gmt":"2025-12-05T10:17:00","guid":{"rendered":"https:\/\/elforndefreixenet.com\/politica-de-privacidad-2\/"},"modified":"2026-03-04T14:13:46","modified_gmt":"2026-03-04T13:13:46","slug":"politica-de-privacidad","status":"publish","type":"page","link":"https:\/\/elforndefreixenet.com\/es\/politica-de-privacidad\/","title":{"rendered":"POL\u00cdTICA DE PRIVACIDAD"},"content":{"rendered":"\t\t<div data-elementor-type=\"wp-page\" data-elementor-id=\"10401\" class=\"elementor elementor-10401 elementor-3970\" data-elementor-post-type=\"page\">\n\t\t\t\t\t\t<section class=\"elementor-section elementor-top-section elementor-element elementor-element-61a99beb elementor-section-boxed elementor-section-height-default elementor-section-height-default\" data-id=\"61a99beb\" data-element_type=\"section\" data-e-type=\"section\">\n\t\t\t\t\t\t<div class=\"elementor-container elementor-column-gap-default\">\n\t\t\t\t\t<div class=\"elementor-column elementor-col-100 elementor-top-column elementor-element elementor-element-1709571e\" data-id=\"1709571e\" data-element_type=\"column\" data-e-type=\"column\">\n\t\t\t<div class=\"elementor-widget-wrap elementor-element-populated\">\n\t\t\t\t\t\t<div class=\"elementor-element elementor-element-340e551b elementor-widget elementor-widget-text-editor\" data-id=\"340e551b\" data-element_type=\"widget\" data-e-type=\"widget\" data-widget_type=\"text-editor.default\">\n\t\t\t\t<div class=\"elementor-widget-container\">\n\t\t\t\t\t\t\t\t\t\n<p>En cumplimiento del Reglamento (UE) 2016\/679 del Parlamento Europeo y del Consejo, de 27 de abril de 2016, relativo a la protecci\u00f3n de las personas f\u00edsicas en cuanto al tratamiento de datos personales, por el que se deroga la directiva 95 \/46\/CE (en adelante, RGPD) de la Ley 34\/20 comercio electr\u00f3nico (en adelante, LSSI-CE) y de la Ley Org\u00e1nica 3\/2018, de Protecci\u00f3n de Datos Personales y garant\u00eda de los derechos digitales (en adelante, LOPDGDD), El Forn de Freixenet garantiza la protecci\u00f3n y confidencialidad de los datos personales, de cualquier tipo que nos proporcionen nuestros clientes, de acuerdo con lo que dispone de nuestros clientes, de acuerdo con lo que dispone de los Clientes.<\/p>\n\n<p>Los datos facilitados ser\u00e1n tratados en los t\u00e9rminos establecidos en el RGPD, en este sentido. El Forn de Freixenet adoptado los niveles de protecci\u00f3n que legalmente se exigen, y ha instalado todas las medidas t\u00e9cnicas a su alcance para evitar la p\u00e9rdida, mal uso, alteraci\u00f3n, acceso no autorizado por terceros, expuestos a continuaci\u00f3n. Sin embargo, el usuario debe ser consciente de que las medidas de seguridad en Internet no son inexpugnables.  <\/p>\n\n<p><strong>Responsable del tratamiento<\/strong><br> Denominaci\u00f3n: El Forn de Freixenet<br> CIF: 38074144J<br> Direcci\u00f3n: Plaza Mayor, 1 Freixenet de Segarra (Lleida)<br> Tel\u00e9fono: 680138451<br> Correo electr\u00f3nico: info@elforndefreixenet.com<\/p>\n\n<p><strong>Finalidad del tratamiento<\/strong><br> Todos los datos facilitados por nuestros clientes y\/o visitantes a la web del Forn de Freixenet oa su personal, ser\u00e1n incluidos en registro de actividades de tratamiento de datos de car\u00e1cter personal, creado y mantenido bajo la responsabilidad del Forn de Freixenet, imprescindibles para prestar los servicios solicitados por los usuarios, o para resolver las dudas o cuestiones planteadas por nuestros visitantes. Nuestra pol\u00edtica es no realizar perfiles sobre los usuarios de nuestros servicios. <\/p>\n\n<p><strong>Legitimidad del tratamiento<\/strong><\/p>\n\n<ol type=\"a\">\n<li>Relaci\u00f3n contractual: Es la que aplica al comprar uno de nuestros productos o contratar alguno de nuestros servicios.<\/li>\n<li>Inter\u00e9s leg\u00edtimo: Por atender las consultas y reclamaciones que nos plantee y por gestionar el cobro de las cantidades adeudadas.<\/li>\n<li>Su consentimiento: Si es usuario de nuestra web, mediante la marcaci\u00f3n de la casilla que figura en el formulario de contacto, nos autoriza a que le remitimos las comunicaciones necesarias para dar respuesta a la consulta o solicitud de informaci\u00f3n planteada.<\/li>\n<\/ol>\n\n<p><strong>Destinatarios<\/strong><br> No cedemos sus datos personales a nadie, a excepci\u00f3n de aquellas entidades p\u00fablicas o privadas a las que estemos obligados a facilitar sus datos personales con motivo del cumplimiento de alguna ley. Por poner un ejemplo, la Ley Tributaria obliga a facilitar a la Agencia Tributaria determinada informaci\u00f3n sobre operaciones econ\u00f3micas que superen una determinada cantidad. <\/p>\n\n<p>En caso de que, al margen de los supuestos comentados, necesitamos dar a conocer su informaci\u00f3n personal a otras entidades, le solicitaremos previamente su permiso a trav\u00e9s de opciones claras que le permitir\u00e1n decidir al respecto.<\/p>\n\n<p><strong>Conservaci\u00f3n<\/strong><br> S\u00f3lo conservaremos sus datos personales durante el tiempo que resulte necesario para conseguir los fines para los que fueron recogidos. A la hora de determinar el per\u00edodo de conservaci\u00f3n oportuno, examinamos los riesgos que comporta el tratamiento, as\u00ed como nuestras obligaciones contractuales, legales y normativas, las pol\u00edticas internas de conservaci\u00f3n de datos y nuestros intereses de negocio leg\u00edtimos descritos en este Aviso de Privacidad y Pol\u00edtica de Cookies. <\/p>\n\n<p>En este sentido, elforndefreixenet conservar\u00e1 los datos personales una vez terminada su relaci\u00f3n con usted, debidamente bloqueados, durante el plazo de prescripci\u00f3n de las acciones que pudieran derivarse de la relaci\u00f3n mantenida con el interesado.<\/p>\n\n<p>Una vez bloqueados, sus datos resultar\u00e1n inaccesibles para elforndefreixenet, y no ser\u00e1n tratados salvo para su puesta a disposici\u00f3n en las administraciones p\u00fablicas, jueces y tribunales, para la atenci\u00f3n de las posibles responsabilidades nacidas de los tratamientos, as\u00ed como para el ejercicio y la defensa de reclamaciones ante la Agencia Espa\u00f1ola de Protecci\u00f3n de Datos.<\/p>\n\n<p><strong>Seguridad<\/strong><br> Usamos todos los esfuerzos razonables para mantener la confidencialidad de la informaci\u00f3n personal que se trate en nuestros sistemas. Mantenemos estrictos niveles de seguridad para proteger los datos de car\u00e1cter personal que procesamos frente a p\u00e9rdidas fortuitas y accesos, tratamientos o revelaciones no autorizados, teniendo en cuenta el estado de la tecnolog\u00eda, la naturaleza y los riesgos a los que est\u00e1n expuestos los datos. Sin embargo, no podemos responsabilizarnos del uso que haga de los datos (incluido usuario y contrase\u00f1a) que utiliza en nuestra web. Nuestro personal sigue estrictas normas de privacidad y en caso de que contratemos terceros para prestar servicios de apoyo, les exigimos que acaten las mismas normas y nos permitan auditarlos para verificar su cumplimiento.   <\/p>\n\n<p><strong>Sus derechos<\/strong><br> Le informamos que podr\u00e1 ejercer los siguientes derechos:<\/p>\n\n<ol type=\"a\">\n<li>Derecho de acceso a sus datos personales, para saber cu\u00e1les est\u00e1n siendo objeto de tratamiento y las operaciones de tratamiento llevadas a cabo con ellos;<\/li>\n<li>Derecho de rectificaci\u00f3n de cualquier dato personal inexacto;<\/li>\n<li>Derecho de supresi\u00f3n de sus datos personales, cuando esto sea posible (por ejemplo, por imperativo legal);<\/li>\n<li>Derecho de limitaci\u00f3n del tratamiento de sus datos personales cuando la exactitud, legalidad o necesidad del tratamiento de los datos resulte dudosa, en cuyo caso, podremos conservarlos para el ejercicio o la defensa de reclamaciones.<\/li>\n<li>Derecho de oposici\u00f3n al tratamiento de sus datos personales, cuando la base legal que nos habilite para el tratamiento de las indicadas sea nuestro inter\u00e9s leg\u00edtimo. \u00abNombre_Empresa\u00bb dejar\u00e1 de tratar tus datos a menos que tenga un inter\u00e9s leg\u00edtimo o sea necesario para la defensa de reclamaciones. <\/li>\n<li>Derecho a la portabilidad de sus datos, cuando la base legal que nos habilite para su tratamiento sea la existencia de una relaci\u00f3n contractual o su consentimiento.<\/li>\n<li>Derecho a revocar el consentimiento otorgado a elforndefreixenet<\/li>\n<\/ol>\n\n<p>Para ejercitar sus derechos, puede hacerlo de manera gratuita y en cualquier momento contactando con nosotros en la direcci\u00f3n Plaza Mayor, 1, adjuntando copia de su DNI.<\/p>\n\n<p><strong>Tutela de derechos<\/strong><br> En caso de que entienda que sus derechos han sido desatendidos por nuestra entidad, puede formular una reclamaci\u00f3n a la Agencia Espa\u00f1ola de Protecci\u00f3n de Datos, a trav\u00e9s de alguno de los siguientes medios:<\/p>\n\n<ul>\n<li>Sede electr\u00f3nica: <a href=\"https:\/\/www.aepd.es\">https:\/\/www.aepd.es<\/a><\/li>\n<li>Correo postal: Agencia Espa\u00f1ola de Protecci\u00f3n de Datos, C\/ Jorge Juan, 6, 28001, Madrid<\/li>\n<li>Tel\u00e9fono: 901 100 099 y 912 663 517<\/li>\n<\/ul>\n\n<p>Formular una reclamaci\u00f3n a la Agencia Espa\u00f1ola de Protecci\u00f3n de Datos no comporta ning\u00fan coste y no es necesaria la asistencia de abogado ni procurador.<\/p>\n\n<p><strong>Actualizaciones<\/strong><br> elforndefreixenet se reserva el derecho a modificar esta pol\u00edtica para adaptarla a novedades legislativas o jurisprudenciales que puedan afectar a su cumplimiento.<\/p>\n\t\t\t\t\t\t\t\t<\/div>\n\t\t\t\t<\/div>\n\t\t\t\t\t<\/div>\n\t\t<\/div>\n\t\t\t\t\t<\/div>\n\t\t<\/section>\n\t\t\t\t<\/div>\n\t\t","protected":false},"excerpt":{"rendered":"<p>En cumplimiento del Reglamento (UE) 2016\/679 del Parlamento Europeo y del Consejo, de 27 de abril de 2016, relativo a la protecci\u00f3n de las personas f\u00edsicas en cuanto al tratamiento de datos personales, por el que se deroga la directiva 95 \/46\/CE (en adelante, RGPD) de la Ley 34\/20 comercio electr\u00f3nico (en adelante, LSSI-CE) y [&hellip;]<\/p>\n","protected":false},"author":2,"featured_media":0,"parent":0,"menu_order":0,"comment_status":"closed","ping_status":"closed","template":"","meta":{"footnotes":""},"class_list":["post-10401","page","type-page","status-publish","hentry"],"yoast_head":"<!-- This site is optimized with the Yoast SEO plugin v27.4 - https:\/\/yoast.com\/product\/yoast-seo-wordpress\/ -->\n<title>POL\u00cdTICA DE PRIVACIDAD &#187; El Forn de Freixenet<\/title>\n<meta name=\"robots\" content=\"index, follow, max-snippet:-1, max-image-preview:large, max-video-preview:-1\" \/>\n<link rel=\"canonical\" href=\"https:\/\/elforndefreixenet.com\/es\/politica-de-privacidad\/\" \/>\n<meta property=\"og:locale\" content=\"es_ES\" \/>\n<meta property=\"og:type\" content=\"article\" \/>\n<meta property=\"og:title\" content=\"POL\u00cdTICA DE PRIVACIDAD &#187; El Forn de Freixenet\" \/>\n<meta property=\"og:description\" content=\"En cumplimiento del Reglamento (UE) 2016\/679 del Parlamento Europeo y del Consejo, de 27 de abril de 2016, relativo a la protecci\u00f3n de las personas f\u00edsicas en cuanto al tratamiento de datos personales, por el que se deroga la directiva 95 \/46\/CE (en adelante, RGPD) de la Ley 34\/20 comercio electr\u00f3nico (en adelante, LSSI-CE) y [&hellip;]\" \/>\n<meta property=\"og:url\" content=\"https:\/\/elforndefreixenet.com\/es\/politica-de-privacidad\/\" \/>\n<meta property=\"og:site_name\" content=\"El Forn de Freixenet\" \/>\n<meta property=\"article:modified_time\" content=\"2026-03-04T13:13:46+00:00\" \/>\n<meta name=\"twitter:card\" content=\"summary_large_image\" \/>\n<meta name=\"twitter:label1\" content=\"Est. reading time\" \/>\n\t<meta name=\"twitter:data1\" content=\"6 minutes\" \/>\n<script type=\"application\/ld+json\" class=\"yoast-schema-graph\">{\"@context\":\"https:\\\/\\\/schema.org\",\"@graph\":[{\"@type\":\"WebPage\",\"@id\":\"https:\\\/\\\/elforndefreixenet.com\\\/es\\\/politica-de-privacidad\\\/\",\"url\":\"https:\\\/\\\/elforndefreixenet.com\\\/es\\\/politica-de-privacidad\\\/\",\"name\":\"POL\u00cdTICA DE PRIVACIDAD &#187; El Forn de Freixenet\",\"isPartOf\":{\"@id\":\"https:\\\/\\\/elforndefreixenet.com\\\/es\\\/#website\"},\"datePublished\":\"2025-12-05T10:17:00+00:00\",\"dateModified\":\"2026-03-04T13:13:46+00:00\",\"breadcrumb\":{\"@id\":\"https:\\\/\\\/elforndefreixenet.com\\\/es\\\/politica-de-privacidad\\\/#breadcrumb\"},\"inLanguage\":\"es\",\"potentialAction\":[{\"@type\":\"ReadAction\",\"target\":[\"https:\\\/\\\/elforndefreixenet.com\\\/es\\\/politica-de-privacidad\\\/\"]}]},{\"@type\":\"BreadcrumbList\",\"@id\":\"https:\\\/\\\/elforndefreixenet.com\\\/es\\\/politica-de-privacidad\\\/#breadcrumb\",\"itemListElement\":[{\"@type\":\"ListItem\",\"position\":1,\"name\":\"Portada\",\"item\":\"https:\\\/\\\/elforndefreixenet.com\\\/es\\\/\"},{\"@type\":\"ListItem\",\"position\":2,\"name\":\"POL\u00cdTICA DE PRIVACIDAD\"}]},{\"@type\":\"WebSite\",\"@id\":\"https:\\\/\\\/elforndefreixenet.com\\\/es\\\/#website\",\"url\":\"https:\\\/\\\/elforndefreixenet.com\\\/es\\\/\",\"name\":\"El Forn de Freixenet\",\"description\":\"Hotel rural con encanto en la Segarra (L\u00e9rida)\",\"publisher\":{\"@id\":\"https:\\\/\\\/elforndefreixenet.com\\\/es\\\/#organization\"},\"potentialAction\":[{\"@type\":\"SearchAction\",\"target\":{\"@type\":\"EntryPoint\",\"urlTemplate\":\"https:\\\/\\\/elforndefreixenet.com\\\/es\\\/?s={search_term_string}\"},\"query-input\":{\"@type\":\"PropertyValueSpecification\",\"valueRequired\":true,\"valueName\":\"search_term_string\"}}],\"inLanguage\":\"es\"},{\"@type\":\"Organization\",\"@id\":\"https:\\\/\\\/elforndefreixenet.com\\\/es\\\/#organization\",\"name\":\"Hotel rural El Forn de Freixenet\",\"url\":\"https:\\\/\\\/elforndefreixenet.com\\\/es\\\/\",\"logo\":{\"@type\":\"ImageObject\",\"inLanguage\":\"es\",\"@id\":\"https:\\\/\\\/elforndefreixenet.com\\\/es\\\/#\\\/schema\\\/logo\\\/image\\\/\",\"url\":\"https:\\\/\\\/elforndefreixenet.com\\\/wp-content\\\/uploads\\\/2022\\\/03\\\/logo-forn-de-freixenet-azul.svg\",\"contentUrl\":\"https:\\\/\\\/elforndefreixenet.com\\\/wp-content\\\/uploads\\\/2022\\\/03\\\/logo-forn-de-freixenet-azul.svg\",\"width\":100,\"height\":100,\"caption\":\"Hotel rural El Forn de Freixenet\"},\"image\":{\"@id\":\"https:\\\/\\\/elforndefreixenet.com\\\/es\\\/#\\\/schema\\\/logo\\\/image\\\/\"}}]}<\/script>\n<!-- \/ Yoast SEO plugin. -->","yoast_head_json":{"title":"POL\u00cdTICA DE PRIVACIDAD &#187; El Forn de Freixenet","robots":{"index":"index","follow":"follow","max-snippet":"max-snippet:-1","max-image-preview":"max-image-preview:large","max-video-preview":"max-video-preview:-1"},"canonical":"https:\/\/elforndefreixenet.com\/es\/politica-de-privacidad\/","og_locale":"es_ES","og_type":"article","og_title":"POL\u00cdTICA DE PRIVACIDAD &#187; El Forn de Freixenet","og_description":"En cumplimiento del Reglamento (UE) 2016\/679 del Parlamento Europeo y del Consejo, de 27 de abril de 2016, relativo a la protecci\u00f3n de las personas f\u00edsicas en cuanto al tratamiento de datos personales, por el que se deroga la directiva 95 \/46\/CE (en adelante, RGPD) de la Ley 34\/20 comercio electr\u00f3nico (en adelante, LSSI-CE) y [&hellip;]","og_url":"https:\/\/elforndefreixenet.com\/es\/politica-de-privacidad\/","og_site_name":"El Forn de Freixenet","article_modified_time":"2026-03-04T13:13:46+00:00","twitter_card":"summary_large_image","twitter_misc":{"Est. reading time":"6 minutes"},"schema":{"@context":"https:\/\/schema.org","@graph":[{"@type":"WebPage","@id":"https:\/\/elforndefreixenet.com\/es\/politica-de-privacidad\/","url":"https:\/\/elforndefreixenet.com\/es\/politica-de-privacidad\/","name":"POL\u00cdTICA DE PRIVACIDAD &#187; El Forn de Freixenet","isPartOf":{"@id":"https:\/\/elforndefreixenet.com\/es\/#website"},"datePublished":"2025-12-05T10:17:00+00:00","dateModified":"2026-03-04T13:13:46+00:00","breadcrumb":{"@id":"https:\/\/elforndefreixenet.com\/es\/politica-de-privacidad\/#breadcrumb"},"inLanguage":"es","potentialAction":[{"@type":"ReadAction","target":["https:\/\/elforndefreixenet.com\/es\/politica-de-privacidad\/"]}]},{"@type":"BreadcrumbList","@id":"https:\/\/elforndefreixenet.com\/es\/politica-de-privacidad\/#breadcrumb","itemListElement":[{"@type":"ListItem","position":1,"name":"Portada","item":"https:\/\/elforndefreixenet.com\/es\/"},{"@type":"ListItem","position":2,"name":"POL\u00cdTICA DE PRIVACIDAD"}]},{"@type":"WebSite","@id":"https:\/\/elforndefreixenet.com\/es\/#website","url":"https:\/\/elforndefreixenet.com\/es\/","name":"El Forn de Freixenet","description":"Hotel rural con encanto en la Segarra (L\u00e9rida)","publisher":{"@id":"https:\/\/elforndefreixenet.com\/es\/#organization"},"potentialAction":[{"@type":"SearchAction","target":{"@type":"EntryPoint","urlTemplate":"https:\/\/elforndefreixenet.com\/es\/?s={search_term_string}"},"query-input":{"@type":"PropertyValueSpecification","valueRequired":true,"valueName":"search_term_string"}}],"inLanguage":"es"},{"@type":"Organization","@id":"https:\/\/elforndefreixenet.com\/es\/#organization","name":"Hotel rural El Forn de Freixenet","url":"https:\/\/elforndefreixenet.com\/es\/","logo":{"@type":"ImageObject","inLanguage":"es","@id":"https:\/\/elforndefreixenet.com\/es\/#\/schema\/logo\/image\/","url":"https:\/\/elforndefreixenet.com\/wp-content\/uploads\/2022\/03\/logo-forn-de-freixenet-azul.svg","contentUrl":"https:\/\/elforndefreixenet.com\/wp-content\/uploads\/2022\/03\/logo-forn-de-freixenet-azul.svg","width":100,"height":100,"caption":"Hotel rural El Forn de Freixenet"},"image":{"@id":"https:\/\/elforndefreixenet.com\/es\/#\/schema\/logo\/image\/"}}]}},"_links":{"self":[{"href":"https:\/\/elforndefreixenet.com\/es\/wp-json\/wp\/v2\/pages\/10401","targetHints":{"allow":["GET"]}}],"collection":[{"href":"https:\/\/elforndefreixenet.com\/es\/wp-json\/wp\/v2\/pages"}],"about":[{"href":"https:\/\/elforndefreixenet.com\/es\/wp-json\/wp\/v2\/types\/page"}],"author":[{"embeddable":true,"href":"https:\/\/elforndefreixenet.com\/es\/wp-json\/wp\/v2\/users\/2"}],"replies":[{"embeddable":true,"href":"https:\/\/elforndefreixenet.com\/es\/wp-json\/wp\/v2\/comments?post=10401"}],"version-history":[{"count":5,"href":"https:\/\/elforndefreixenet.com\/es\/wp-json\/wp\/v2\/pages\/10401\/revisions"}],"predecessor-version":[{"id":13554,"href":"https:\/\/elforndefreixenet.com\/es\/wp-json\/wp\/v2\/pages\/10401\/revisions\/13554"}],"wp:attachment":[{"href":"https:\/\/elforndefreixenet.com\/es\/wp-json\/wp\/v2\/media?parent=10401"}],"curies":[{"name":"wp","href":"https:\/\/api.w.org\/{rel}","templated":true}]}}