{"id":14141,"date":"2026-03-23T11:19:57","date_gmt":"2026-03-23T10:19:57","guid":{"rendered":"https:\/\/elforndefreixenet.com\/accesibilidad\/"},"modified":"2026-03-23T11:30:47","modified_gmt":"2026-03-23T10:30:47","slug":"accesibilidad","status":"publish","type":"page","link":"https:\/\/elforndefreixenet.com\/es\/accesibilidad\/","title":{"rendered":"Accesibilidad"},"content":{"rendered":"\n<p>La declaraci\u00f3n de accesibilidad es el apartado de un sitio web donde se indica el nivel de accesibilidad y la informaci\u00f3n adicional.<br\/> Esta declaraci\u00f3n de accesibilidad se aplica al sitio web elforndefreixenet.com:<\/p>\n\n<h2 class=\"wp-block-heading\">Situaci\u00f3n de cumplimiento<\/h2>\n\n<p>Este sitio web es parcialmente conforme al <a href=\"https:\/\/www.boe.es\/diario_boe\/txt.php?id=BOE-A-2018-12699\" target=\"_blank\" rel=\"noreferrer noopener\">RD 1112\/2018<\/a> debido a las excepciones ya la falta de conformidad de los aspectos que se indican en el siguiente punto.<\/p>\n\n<h2 class=\"wp-block-heading\">Contenido no accesible<\/h2>\n\n<p>El contenido que se recoge a continuaci\u00f3n no es accesible por lo siguiente:<\/p>\n\n<h3 class=\"wp-block-heading\">Carece de conformidad con el RD 1112\/2018<\/h3>\n\n<p>Podr\u00edan existir errores de c\u00f3digo puntuales de edici\u00f3n en alguna p\u00e1gina web. [4.1.1 Procesamiento] <\/p>\n\n<h3 class=\"wp-block-heading\">Carga desproporcionada<\/h3>\n\n<p>No aplica.<\/p>\n\n<h3 class=\"wp-block-heading\">El contenido no entra dentro del \u00e1mbito de la legislaci\u00f3n aplicable<\/h3>\n\n<p>No aplica.<\/p>\n\n<h2 class=\"wp-block-heading\">Preparaci\u00f3n para la siguiente declaraci\u00f3n de accesibilidad<\/h2>\n\n<p>Esta declaraci\u00f3n fue preparada el 28 de junio de 2021.<\/p>\n\n<p>El m\u00e9todo empleado para preparar la declaraci\u00f3n ha sido una autoevaluaci\u00f3n llevada a cabo por el propio organismo.<\/p>\n\n<p>Observaciones y datos de contacto<\/p>\n\n<p>Puede realizar comunicaciones sobre requisitos de accesibilidad (art\u00edculo 10.2.a del RD 1112\/2018) como:<\/p>\n\n<ul class=\"wp-block-list\">\n<li>Informar sobre cualquier posible incumplimiento por parte de este sitio web<\/li>\n\n\n\n<li>Transmitir otras dificultades de acceso al contenido<\/li>\n\n\n\n<li>Formular cualquier otra consulta o sugerencia de mejora relativa a la accesibilidad del sitio web a trav\u00e9s del <a href=\"mailto:%20centret.s@hotmail.com\">formulario de contacto<\/a> de este sitio web.<\/li>\n<\/ul>\n\n<p>Puede presentar:<\/p>\n\n<ul class=\"wp-block-list\">\n<li>Queja relativa al cumplimiento de los requisitos del RD 1112\/2018 o<\/li>\n\n\n\n<li>Solicitud de informaci\u00f3n accesible relativa a:\n<ul class=\"wp-block-list\">\n<li>Contenidos que est\u00e1n excluidos del \u00e1mbito de aplicaci\u00f3n del RD 1112\/2018 seg\u00fan lo que establece el art\u00edculo 3, apartado 4<\/li>\n\n\n\n<li>Contenidos que est\u00e1n exentos del cumplimiento de los requisitos de accesibilidad para imponer una carga desproporcionada<\/li>\n<\/ul>\n<\/li>\n<\/ul>\n\n<p>En la Solicitud de informaci\u00f3n accesible, deben concretarse, con toda claridad, los hechos, las razones y la petici\u00f3n que permitan constatar que se trata de una solicitud razonable y leg\u00edtima.<\/p>\n\n<h2 class=\"wp-block-heading\">Contenido opcional<\/h2>\n\n<p>Este portal est\u00e1 dise\u00f1ado para cambiar el tama\u00f1o del texto y el color, as\u00ed como el fondo de la p\u00e1gina mediante las opciones de configuraci\u00f3n est\u00e1ndar de los navegadores.<\/p>\n\n<p>Si desea cambiar el tama\u00f1o de letra del texto en los principales navegadores gr\u00e1ficos utilice los siguientes men\u00fas:<\/p>\n\n<ul class=\"wp-block-list\">\n<li>Internet Explorer, Mozilla y Firefox: Ver &gt; Tama\u00f1o del texto<\/li>\n\n\n\n<li>Opera: Ver &gt; Zoom<\/li>\n\n\n\n<li>Safari: Ver &gt; Hacer el texto m\u00e1s grande<\/li>\n\n\n\n<li>Chrome: Controla la p\u00e1gina actual &gt; Tama\u00f1o del texto<\/li>\n\n\n\n<li>Para modificar el tama\u00f1o de todo en la p\u00e1gina:\n<ul class=\"wp-block-list\">\n<li>Ctrl + + para aumentarlo<\/li>\n\n\n\n<li>Ctrl + \u2013 para disminuirlo<\/li>\n\n\n\n<li>Ctrl + 0 restaura el tama\u00f1o original del texto<\/li>\n\n\n\n<li>Si lo que desea es anular la hoja de estilos o modificar el color del texto, puede consultar la p\u00e1gina How to Change Text Size o Colores de la WAI, que se puede leer traducido al espa\u00f1ol en \u00bfC\u00f3mo cambiar el tama\u00f1o del texto o colores?<\/li>\n<\/ul>\n<\/li>\n<\/ul>\n","protected":false},"excerpt":{"rendered":"<p>La declaraci\u00f3n de accesibilidad es el apartado de un sitio web donde se indica el nivel de accesibilidad y la informaci\u00f3n adicional. Esta declaraci\u00f3n de accesibilidad se aplica al sitio web elforndefreixenet.com: Situaci\u00f3n de cumplimiento Este sitio web es parcialmente conforme al RD 1112\/2018 debido a las excepciones ya la falta de conformidad de los [&hellip;]<\/p>\n","protected":false},"author":2,"featured_media":0,"parent":0,"menu_order":0,"comment_status":"closed","ping_status":"closed","template":"","meta":{"footnotes":""},"class_list":["post-14141","page","type-page","status-publish","hentry"],"yoast_head":"<!-- This site is optimized with the Yoast SEO plugin v27.4 - https:\/\/yoast.com\/product\/yoast-seo-wordpress\/ -->\n<title>Accesibilidad &#187; El Forn de Freixenet<\/title>\n<meta name=\"robots\" content=\"index, follow, max-snippet:-1, max-image-preview:large, max-video-preview:-1\" \/>\n<link rel=\"canonical\" href=\"https:\/\/elforndefreixenet.com\/es\/accesibilidad\/\" \/>\n<meta property=\"og:locale\" content=\"es_ES\" \/>\n<meta property=\"og:type\" content=\"article\" \/>\n<meta property=\"og:title\" content=\"Accesibilidad &#187; El Forn de Freixenet\" \/>\n<meta property=\"og:description\" content=\"La declaraci\u00f3n de accesibilidad es el apartado de un sitio web donde se indica el nivel de accesibilidad y la informaci\u00f3n adicional. Esta declaraci\u00f3n de accesibilidad se aplica al sitio web elforndefreixenet.com: Situaci\u00f3n de cumplimiento Este sitio web es parcialmente conforme al RD 1112\/2018 debido a las excepciones ya la falta de conformidad de los [&hellip;]\" \/>\n<meta property=\"og:url\" content=\"https:\/\/elforndefreixenet.com\/es\/accesibilidad\/\" \/>\n<meta property=\"og:site_name\" content=\"El Forn de Freixenet\" \/>\n<meta property=\"article:modified_time\" content=\"2026-03-23T10:30:47+00:00\" \/>\n<meta name=\"twitter:card\" content=\"summary_large_image\" \/>\n<meta name=\"twitter:label1\" content=\"Est. reading time\" \/>\n\t<meta name=\"twitter:data1\" content=\"2 minutes\" \/>\n<script type=\"application\/ld+json\" class=\"yoast-schema-graph\">{\"@context\":\"https:\\\/\\\/schema.org\",\"@graph\":[{\"@type\":\"WebPage\",\"@id\":\"https:\\\/\\\/elforndefreixenet.com\\\/es\\\/accesibilidad\\\/\",\"url\":\"https:\\\/\\\/elforndefreixenet.com\\\/es\\\/accesibilidad\\\/\",\"name\":\"Accesibilidad &#187; El Forn de Freixenet\",\"isPartOf\":{\"@id\":\"https:\\\/\\\/elforndefreixenet.com\\\/es\\\/#website\"},\"datePublished\":\"2026-03-23T10:19:57+00:00\",\"dateModified\":\"2026-03-23T10:30:47+00:00\",\"breadcrumb\":{\"@id\":\"https:\\\/\\\/elforndefreixenet.com\\\/es\\\/accesibilidad\\\/#breadcrumb\"},\"inLanguage\":\"es\",\"potentialAction\":[{\"@type\":\"ReadAction\",\"target\":[\"https:\\\/\\\/elforndefreixenet.com\\\/es\\\/accesibilidad\\\/\"]}]},{\"@type\":\"BreadcrumbList\",\"@id\":\"https:\\\/\\\/elforndefreixenet.com\\\/es\\\/accesibilidad\\\/#breadcrumb\",\"itemListElement\":[{\"@type\":\"ListItem\",\"position\":1,\"name\":\"Portada\",\"item\":\"https:\\\/\\\/elforndefreixenet.com\\\/es\\\/\"},{\"@type\":\"ListItem\",\"position\":2,\"name\":\"Accesibilidad\"}]},{\"@type\":\"WebSite\",\"@id\":\"https:\\\/\\\/elforndefreixenet.com\\\/es\\\/#website\",\"url\":\"https:\\\/\\\/elforndefreixenet.com\\\/es\\\/\",\"name\":\"El Forn de Freixenet\",\"description\":\"Hotel rural con encanto en la Segarra (L\u00e9rida)\",\"publisher\":{\"@id\":\"https:\\\/\\\/elforndefreixenet.com\\\/es\\\/#organization\"},\"potentialAction\":[{\"@type\":\"SearchAction\",\"target\":{\"@type\":\"EntryPoint\",\"urlTemplate\":\"https:\\\/\\\/elforndefreixenet.com\\\/es\\\/?s={search_term_string}\"},\"query-input\":{\"@type\":\"PropertyValueSpecification\",\"valueRequired\":true,\"valueName\":\"search_term_string\"}}],\"inLanguage\":\"es\"},{\"@type\":\"Organization\",\"@id\":\"https:\\\/\\\/elforndefreixenet.com\\\/es\\\/#organization\",\"name\":\"Hotel rural El Forn de Freixenet\",\"url\":\"https:\\\/\\\/elforndefreixenet.com\\\/es\\\/\",\"logo\":{\"@type\":\"ImageObject\",\"inLanguage\":\"es\",\"@id\":\"https:\\\/\\\/elforndefreixenet.com\\\/es\\\/#\\\/schema\\\/logo\\\/image\\\/\",\"url\":\"https:\\\/\\\/elforndefreixenet.com\\\/wp-content\\\/uploads\\\/2022\\\/03\\\/logo-forn-de-freixenet-azul.svg\",\"contentUrl\":\"https:\\\/\\\/elforndefreixenet.com\\\/wp-content\\\/uploads\\\/2022\\\/03\\\/logo-forn-de-freixenet-azul.svg\",\"width\":100,\"height\":100,\"caption\":\"Hotel rural El Forn de Freixenet\"},\"image\":{\"@id\":\"https:\\\/\\\/elforndefreixenet.com\\\/es\\\/#\\\/schema\\\/logo\\\/image\\\/\"}}]}<\/script>\n<!-- \/ Yoast SEO plugin. -->","yoast_head_json":{"title":"Accesibilidad &#187; El Forn de Freixenet","robots":{"index":"index","follow":"follow","max-snippet":"max-snippet:-1","max-image-preview":"max-image-preview:large","max-video-preview":"max-video-preview:-1"},"canonical":"https:\/\/elforndefreixenet.com\/es\/accesibilidad\/","og_locale":"es_ES","og_type":"article","og_title":"Accesibilidad &#187; El Forn de Freixenet","og_description":"La declaraci\u00f3n de accesibilidad es el apartado de un sitio web donde se indica el nivel de accesibilidad y la informaci\u00f3n adicional. Esta declaraci\u00f3n de accesibilidad se aplica al sitio web elforndefreixenet.com: Situaci\u00f3n de cumplimiento Este sitio web es parcialmente conforme al RD 1112\/2018 debido a las excepciones ya la falta de conformidad de los [&hellip;]","og_url":"https:\/\/elforndefreixenet.com\/es\/accesibilidad\/","og_site_name":"El Forn de Freixenet","article_modified_time":"2026-03-23T10:30:47+00:00","twitter_card":"summary_large_image","twitter_misc":{"Est. reading time":"2 minutes"},"schema":{"@context":"https:\/\/schema.org","@graph":[{"@type":"WebPage","@id":"https:\/\/elforndefreixenet.com\/es\/accesibilidad\/","url":"https:\/\/elforndefreixenet.com\/es\/accesibilidad\/","name":"Accesibilidad &#187; El Forn de Freixenet","isPartOf":{"@id":"https:\/\/elforndefreixenet.com\/es\/#website"},"datePublished":"2026-03-23T10:19:57+00:00","dateModified":"2026-03-23T10:30:47+00:00","breadcrumb":{"@id":"https:\/\/elforndefreixenet.com\/es\/accesibilidad\/#breadcrumb"},"inLanguage":"es","potentialAction":[{"@type":"ReadAction","target":["https:\/\/elforndefreixenet.com\/es\/accesibilidad\/"]}]},{"@type":"BreadcrumbList","@id":"https:\/\/elforndefreixenet.com\/es\/accesibilidad\/#breadcrumb","itemListElement":[{"@type":"ListItem","position":1,"name":"Portada","item":"https:\/\/elforndefreixenet.com\/es\/"},{"@type":"ListItem","position":2,"name":"Accesibilidad"}]},{"@type":"WebSite","@id":"https:\/\/elforndefreixenet.com\/es\/#website","url":"https:\/\/elforndefreixenet.com\/es\/","name":"El Forn de Freixenet","description":"Hotel rural con encanto en la Segarra (L\u00e9rida)","publisher":{"@id":"https:\/\/elforndefreixenet.com\/es\/#organization"},"potentialAction":[{"@type":"SearchAction","target":{"@type":"EntryPoint","urlTemplate":"https:\/\/elforndefreixenet.com\/es\/?s={search_term_string}"},"query-input":{"@type":"PropertyValueSpecification","valueRequired":true,"valueName":"search_term_string"}}],"inLanguage":"es"},{"@type":"Organization","@id":"https:\/\/elforndefreixenet.com\/es\/#organization","name":"Hotel rural El Forn de Freixenet","url":"https:\/\/elforndefreixenet.com\/es\/","logo":{"@type":"ImageObject","inLanguage":"es","@id":"https:\/\/elforndefreixenet.com\/es\/#\/schema\/logo\/image\/","url":"https:\/\/elforndefreixenet.com\/wp-content\/uploads\/2022\/03\/logo-forn-de-freixenet-azul.svg","contentUrl":"https:\/\/elforndefreixenet.com\/wp-content\/uploads\/2022\/03\/logo-forn-de-freixenet-azul.svg","width":100,"height":100,"caption":"Hotel rural El Forn de Freixenet"},"image":{"@id":"https:\/\/elforndefreixenet.com\/es\/#\/schema\/logo\/image\/"}}]}},"_links":{"self":[{"href":"https:\/\/elforndefreixenet.com\/es\/wp-json\/wp\/v2\/pages\/14141","targetHints":{"allow":["GET"]}}],"collection":[{"href":"https:\/\/elforndefreixenet.com\/es\/wp-json\/wp\/v2\/pages"}],"about":[{"href":"https:\/\/elforndefreixenet.com\/es\/wp-json\/wp\/v2\/types\/page"}],"author":[{"embeddable":true,"href":"https:\/\/elforndefreixenet.com\/es\/wp-json\/wp\/v2\/users\/2"}],"replies":[{"embeddable":true,"href":"https:\/\/elforndefreixenet.com\/es\/wp-json\/wp\/v2\/comments?post=14141"}],"version-history":[{"count":1,"href":"https:\/\/elforndefreixenet.com\/es\/wp-json\/wp\/v2\/pages\/14141\/revisions"}],"predecessor-version":[{"id":14142,"href":"https:\/\/elforndefreixenet.com\/es\/wp-json\/wp\/v2\/pages\/14141\/revisions\/14142"}],"wp:attachment":[{"href":"https:\/\/elforndefreixenet.com\/es\/wp-json\/wp\/v2\/media?parent=14141"}],"curies":[{"name":"wp","href":"https:\/\/api.w.org\/{rel}","templated":true}]}}